{"id":25,"date":"2020-01-14T16:48:39","date_gmt":"2020-01-14T15:48:39","guid":{"rendered":"http:\/\/dev.gamassur.com\/?page_id=25"},"modified":"2020-01-31T14:47:22","modified_gmt":"2020-01-31T13:47:22","slug":"activite","status":"publish","type":"page","link":"https:\/\/gamassur.com\/index.php\/activite\/","title":{"rendered":"Bas\u00e9 sur Marseille, GAMA assure la fonction d&rsquo;agent d&rsquo;assurance maritime, et est sp\u00e9cialis\u00e9 en Facult\u00e9s et Corps."},"content":{"rendered":"\n<div style=\"height:20px\" aria-hidden=\"true\" class=\"wp-block-spacer\"><\/div>\n\n\n\n<p class=\"but-should-justify\">Depuis <a href=\"http:\/\/dev.gamassur.com\/index.php\/historique\/\">180 ans<\/a>, GAMA  exerce son activit\u00e9 sur le bassin m\u00e9diterran\u00e9en, plus particuli\u00e8rement \u00e0 Marseille. Ainsi, l&rsquo;entreprise a su au fil des ann\u00e9es gagner la confiance de ses partenaires. Bien que le nombre d&rsquo;agent d&rsquo;assurance maritime diminue, GAMA r\u00e9ussi \u00e0 se d\u00e9marquer de part son professionnalisme et son s\u00e9rieux vis \u00e0 vis des courtiers et des compagnies. <\/p>\n\n\n\n<div class=\"wp-block-themeisle-blocks-advanced-columns has-2-columns has-desktop-equal-layout has-tablet-equal-layout has-mobile-collapsedRows-layout has-default-gap has-vertical-unset\" id=\"wp-block-themeisle-blocks-advanced-columns-8fba2680\" style=\"border-width:0px;border-style:solid;border-color:#000000;border-radius:0px;justify-content:unset\"><div class=\"wp-themeisle-block-overlay\" style=\"opacity:0.5;mix-blend-mode:normal\"><\/div><div class=\"innerblocks-wrap\" style=\"max-width:1200px\">\n<div class=\"wp-block-themeisle-blocks-advanced-column\" id=\"wp-block-themeisle-blocks-advanced-column-9a337796\" style=\"border-width:0px;border-style:solid;border-color:#000000;border-radius:0px\">\n<h2 class=\"has-text-align-center activite-h3\" id=\"faculte\">Facult\u00e9s<\/h2>\n\n\n\n<p class=\"has-text-align-left but-should-justify\">Le terme \u201dfacult\u00e9\u201d d\u00e9signe l\u2019ensemble des marchandises transport\u00e9es, par bateaux, avions ou camions.  <br>Le portefeuille est \u00e9quitablement r\u00e9parti entre les risques industriels, les fruits et l\u00e9gumes et le n\u00e9goce international de denr\u00e9es alimentaires et de produits tropicaux.<\/p>\n<\/div>\n\n\n\n<div class=\"wp-block-themeisle-blocks-advanced-column\" id=\"wp-block-themeisle-blocks-advanced-column-eb6b581a\" style=\"border-width:0px;border-style:solid;border-color:#000000;border-radius:0px\">\n<h2 class=\"has-text-align-center activite-h3\" id=\"corps\">Corps<\/h2>\n\n\n\n<p class=\"has-text-align-left but-should-justify\">Le terme \u201dcorps\u201d est utilis\u00e9 pour d\u00e9signer les navires de tout type. L\u2019assurance Corps a donc pour but d\u2019indemniser l\u2019assur\u00e9 en cas de dommage mat\u00e9riel. <br>Ce portefeuille est principalement orient\u00e9 vers les grosses Unit\u00e9s. En effet il est compos\u00e9 \u00e0 75% d\u2019Unit\u00e9s de plus de 150 millions d\u2019EUR.<\/p>\n<\/div>\n<\/div><\/div>\n\n\n\n<div style=\"height:24px\" aria-hidden=\"true\" class=\"wp-block-spacer\"><\/div>\n\n\n\n<div class=\"wp-block-themeisle-blocks-advanced-columns alignfull has-1-columns has-desktop-equal-layout has-tablet-equal-layout has-mobile-equal-layout has-nogap-gap has-vertical-unset\" id=\"wp-block-themeisle-blocks-advanced-columns-1a396e5c\" style=\"background-image:url( 'http:\/\/gamassur.com\/wp-content\/uploads\/2020\/01\/surface_2-scaled.jpg' );background-attachment:fixed;background-position:center center;background-repeat:repeat;background-size:cover;border-width:0px;border-style:solid;border-color:#000000;border-radius:0px;justify-content:center\"><div class=\"wp-themeisle-block-overlay\" style=\"background:#000000;opacity:0.7;mix-blend-mode:normal\"><\/div><div class=\"innerblocks-wrap\" style=\"max-width:1170px\">\n<div class=\"wp-block-themeisle-blocks-advanced-column\" id=\"wp-block-themeisle-blocks-advanced-column-ff8f372a\" style=\"border-width:0px;border-style:solid;border-color:#000000;border-radius:0px\">\n<p style=\"font-size:22px\" class=\"has-text-color has-text-align-center has-white-color\">La finalit\u00e9 de GAMA est d\u2019agir comme Mandataire de ses Compagnies et, \u00e0 ce titre, d\u2019exercer dans les faits la fonction d\u2019Agent d\u2019assurance <\/p>\n<\/div>\n<\/div><\/div>\n\n\n\n<div style=\"height:68px\" aria-hidden=\"true\" class=\"wp-block-spacer\"><\/div>\n\n\n\n<h2 class=\"has-text-align-center activite-h2\"><strong>L\u2019agent d\u2019assurance maritime peut assurer trois fonctions pour le compte des Compagnies.<\/strong><\/h2>\n\n\n\n<div style=\"height:47px\" aria-hidden=\"true\" class=\"wp-block-spacer\"><\/div>\n\n\n\n<div class=\"wp-block-media-text alignwide is-stacked-on-mobile is-vertically-aligned-center\"><figure class=\"wp-block-media-text__media\"><img loading=\"lazy\" width=\"1024\" height=\"683\" src=\"http:\/\/gamassur.com\/wp-content\/uploads\/2020\/01\/contract-1024x683.jpg\" alt=\"souscription contrat assurance maritime\" class=\"wp-image-586\" srcset=\"https:\/\/gamassur.com\/wp-content\/uploads\/2020\/01\/contract-1024x683.jpg 1024w, https:\/\/gamassur.com\/wp-content\/uploads\/2020\/01\/contract-300x200.jpg 300w, https:\/\/gamassur.com\/wp-content\/uploads\/2020\/01\/contract-768x513.jpg 768w, https:\/\/gamassur.com\/wp-content\/uploads\/2020\/01\/contract-1536x1025.jpg 1536w\" sizes=\"(max-width: 1024px) 100vw, 1024px\" \/><\/figure><div class=\"wp-block-media-text__content\">\n<div class=\"wp-block-group\"><div class=\"wp-block-group__inner-container\">\n<div style=\"height:50px\" aria-hidden=\"true\" class=\"wp-block-spacer activite-picture-spacing\"><\/div>\n\n\n\n<h3 class=\"has-text-align-left activite-h3\" id=\"souscription-contrat\">La souscription des contrats d\u2019assurance :  <\/h3>\n\n\n\n<p class=\"but-should-justify\">L\u2019agent assure la souscription des contrats d\u2019assurance au nom et pour le compte des Compagnies d\u2019assurance et, en g\u00e9n\u00e9ral, pour le compte de plusieurs Compagnies afin de r\u00e9partir les risques.  <\/p>\n\n\n\n<p class=\"but-should-justify\">Pour les conditions de ces contrats, il utilise le recueil de clauses de l\u2019<a href=\"https:\/\/data.bnf.fr\/fr\/12252832\/association_francaise_des_societes_d_assurances_transports\/\">Association Fran\u00e7aise des Soci\u00e9t\u00e9s d\u2019Assurance Transport<\/a> (AFSAT) et re\u00e7oit de ses Compagnies, en plus de son mandat, un certain nombre de directives financi\u00e8res et administratives. En revanche, il dispose d\u2019une marge de man\u0153uvre totale pour d\u00e9terminer les taux de prime dans ce cadre.  <\/p>\n<\/div><\/div>\n<\/div><\/div>\n\n\n\n<div style=\"height:70px\" aria-hidden=\"true\" class=\"wp-block-spacer\"><\/div>\n\n\n\n<div class=\"wp-block-media-text alignwide has-media-on-the-right is-stacked-on-mobile media-section-left\"><figure class=\"wp-block-media-text__media\"><img loading=\"lazy\" width=\"1024\" height=\"768\" src=\"http:\/\/gamassur.com\/wp-content\/uploads\/2020\/01\/cargo-1024x768.jpg\" alt=\"gestion sinistres recours assurance maritime\" class=\"wp-image-592\" srcset=\"https:\/\/gamassur.com\/wp-content\/uploads\/2020\/01\/cargo-1024x768.jpg 1024w, https:\/\/gamassur.com\/wp-content\/uploads\/2020\/01\/cargo-300x225.jpg 300w, https:\/\/gamassur.com\/wp-content\/uploads\/2020\/01\/cargo-768x576.jpg 768w, https:\/\/gamassur.com\/wp-content\/uploads\/2020\/01\/cargo-1536x1152.jpg 1536w, https:\/\/gamassur.com\/wp-content\/uploads\/2020\/01\/cargo.jpg 1567w\" sizes=\"(max-width: 1024px) 100vw, 1024px\" \/><\/figure><div class=\"wp-block-media-text__content\">\n<div style=\"height:50px\" aria-hidden=\"true\" class=\"wp-block-spacer activite-picture-spacing\"><\/div>\n\n\n\n<h3 class=\"activite-h3\" id=\"gestion-sinistres\">La gestion des sinistres et recours :  <\/h3>\n\n\n\n<p class=\"but-should-justify\">L&rsquo;agent appr\u00e9cie les m\u00e9rites des r\u00e9clamations et des recours tant sur le fond que sur la forme. En particulier, GAMA s&rsquo;engage \u00e0 :  <\/p>\n\n\n\n<ul class=\"but-should-justify\"><li> Lorsque le risque est couvert, un r\u00e8glement sous quinzaine est assur\u00e9 d\u00e8s la pr\u00e9sentation du dossier de r\u00e9clamation complet. <\/li><li>  Si le risque n\u2019est pas couvert, une prise en charge du recouvrement aupr\u00e8s du ou des tiers responsables.  <\/li><\/ul>\n<\/div><\/div>\n\n\n\n<div style=\"height:96px\" aria-hidden=\"true\" class=\"wp-block-spacer\"><\/div>\n\n\n\n<div class=\"wp-block-media-text alignwide is-stacked-on-mobile\" style=\"grid-template-columns:55% auto\"><figure class=\"wp-block-media-text__media\"><img loading=\"lazy\" width=\"1024\" height=\"576\" src=\"http:\/\/gamassur.com\/wp-content\/uploads\/2020\/01\/handshake-1024x576.jpg\" alt=\"gestion administrative assurance maritime\" class=\"wp-image-587\" srcset=\"https:\/\/gamassur.com\/wp-content\/uploads\/2020\/01\/handshake-1024x576.jpg 1024w, https:\/\/gamassur.com\/wp-content\/uploads\/2020\/01\/handshake-300x169.jpg 300w, https:\/\/gamassur.com\/wp-content\/uploads\/2020\/01\/handshake-768x432.jpg 768w, https:\/\/gamassur.com\/wp-content\/uploads\/2020\/01\/handshake-1536x865.jpg 1536w, https:\/\/gamassur.com\/wp-content\/uploads\/2020\/01\/handshake-2048x1153.jpg 2048w\" sizes=\"(max-width: 1024px) 100vw, 1024px\" \/><\/figure><div class=\"wp-block-media-text__content\">\n<div style=\"height:50px\" aria-hidden=\"true\" class=\"wp-block-spacer activite-picture-spacing\"><\/div>\n\n\n\n<h3 class=\"activite-h3\" id=\"gestion-administrative\">La gestion administrative : <\/h3>\n\n\n\n<p class=\"but-should-justify\">Enfin, il traite comptablement les informations qui lui sont fournies, et en fait \u00e9galement une analyse statistique. Il rend pleinement compte de ces informations aux Client, Compagnies et Courtiers. <\/p>\n<\/div><\/div>\n\n\n\n<div style=\"height:150px\" aria-hidden=\"true\" class=\"wp-block-spacer\"><\/div>\n","protected":false},"excerpt":{"rendered":"<p>Depuis 180 ans, GAMA exerce son activit\u00e9 sur le bassin m\u00e9diterran\u00e9en, plus particuli\u00e8rement \u00e0 Marseille. Ainsi, l&rsquo;entreprise a su au fil des ann\u00e9es gagner la confiance de ses partenaires. Bien que le nombre d&rsquo;agent d&rsquo;assurance maritime diminue, GAMA r\u00e9ussi \u00e0 se d\u00e9marquer de part son professionnalisme et son s\u00e9rieux vis [&hellip;]<\/p>\n","protected":false},"author":1,"featured_media":0,"parent":0,"menu_order":0,"comment_status":"closed","ping_status":"closed","template":"","meta":{"spay_email":""},"_links":{"self":[{"href":"https:\/\/gamassur.com\/index.php\/wp-json\/wp\/v2\/pages\/25"}],"collection":[{"href":"https:\/\/gamassur.com\/index.php\/wp-json\/wp\/v2\/pages"}],"about":[{"href":"https:\/\/gamassur.com\/index.php\/wp-json\/wp\/v2\/types\/page"}],"author":[{"embeddable":true,"href":"https:\/\/gamassur.com\/index.php\/wp-json\/wp\/v2\/users\/1"}],"replies":[{"embeddable":true,"href":"https:\/\/gamassur.com\/index.php\/wp-json\/wp\/v2\/comments?post=25"}],"version-history":[{"count":103,"href":"https:\/\/gamassur.com\/index.php\/wp-json\/wp\/v2\/pages\/25\/revisions"}],"predecessor-version":[{"id":690,"href":"https:\/\/gamassur.com\/index.php\/wp-json\/wp\/v2\/pages\/25\/revisions\/690"}],"wp:attachment":[{"href":"https:\/\/gamassur.com\/index.php\/wp-json\/wp\/v2\/media?parent=25"}],"curies":[{"name":"wp","href":"https:\/\/api.w.org\/{rel}","templated":true}]}}