{"id":43,"date":"2020-01-14T17:26:32","date_gmt":"2020-01-14T16:26:32","guid":{"rendered":"http:\/\/dev.gamassur.com\/?page_id=43"},"modified":"2020-01-31T14:40:16","modified_gmt":"2020-01-31T13:40:16","slug":"historique","status":"publish","type":"page","link":"https:\/\/gamassur.com\/index.php\/historique\/","title":{"rendered":"Historique"},"content":{"rendered":"\n<h2 class=\"has-text-align-center\">Faites confiance \u00e0 180 ans d&rsquo;expertise<\/h2>\n\n\n\n<div style=\"height:49px\" aria-hidden=\"true\" class=\"wp-block-spacer\"><\/div>\n\n\n\n<p> En 1968, les Bureaux d\u2019assurances maritimes <strong>de Campou<\/strong> (fond\u00e9 en 1841) et <strong>Charlet <\/strong>(fond\u00e9 en 1884) s\u2019associent pour former le bureau de gestion d\u2019assurances <strong>GAMA<\/strong>. Ce regroupement s\u2019est fait sous la direction de Christian de Campou et Paul Charlet, qui seront succ\u00e9d\u00e9s par leur fils respectifs, Fran\u00e7ois et Jean en 1991. <\/p>\n\n\n\n<div style=\"height:83px\" aria-hidden=\"true\" class=\"wp-block-spacer\"><\/div>\n\n\n\n<div class=\"wp-block-media-text alignwide is-stacked-on-mobile\"><figure class=\"wp-block-media-text__media\"><img loading=\"lazy\" width=\"1024\" height=\"668\" src=\"http:\/\/gamassur.com\/wp-content\/uploads\/2020\/01\/CentenaireGama-e1579618318541-1024x668.png\" alt=\"\" class=\"wp-image-257\" srcset=\"https:\/\/gamassur.com\/wp-content\/uploads\/2020\/01\/CentenaireGama-e1579618318541-1024x668.png 1024w, https:\/\/gamassur.com\/wp-content\/uploads\/2020\/01\/CentenaireGama-e1579618318541-300x196.png 300w, https:\/\/gamassur.com\/wp-content\/uploads\/2020\/01\/CentenaireGama-e1579618318541-768x501.png 768w, https:\/\/gamassur.com\/wp-content\/uploads\/2020\/01\/CentenaireGama-e1579618318541-1536x1002.png 1536w, https:\/\/gamassur.com\/wp-content\/uploads\/2020\/01\/CentenaireGama-e1579618318541-2048x1336.png 2048w\" sizes=\"(max-width: 1024px) 100vw, 1024px\" \/><\/figure><div class=\"wp-block-media-text__content\">\n<p class=\"has-large-font-size picture-caption\">En 1941, l&rsquo;entreprise f\u00eate d\u00e9j\u00e0 ses 100 ans<\/p>\n<\/div><\/div>\n\n\n\n<div style=\"height:78px\" aria-hidden=\"true\" class=\"wp-block-spacer\"><\/div>\n\n\n\n<div class=\"wp-block-themeisle-blocks-advanced-columns alignfull has-1-columns has-desktop-equal-layout has-tablet-equal-layout has-mobile-equal-layout has-nogap-gap has-vertical-unset\" id=\"wp-block-themeisle-blocks-advanced-columns-f4f9e623\" style=\"background-image:url( 'http:\/\/gamassur.com\/wp-content\/uploads\/2020\/01\/surface_2-scaled.jpg' );background-attachment:fixed;background-position:center center;background-repeat:repeat;background-size:cover;border-width:0px;border-style:solid;border-color:#000000;border-radius:0px;justify-content:center\"><div class=\"wp-themeisle-block-overlay\" style=\"background:#000000;opacity:0.7;mix-blend-mode:normal\"><\/div><div class=\"innerblocks-wrap\" style=\"max-width:1170px\">\n<div class=\"wp-block-themeisle-blocks-advanced-column\" id=\"wp-block-themeisle-blocks-advanced-column-a8d44480\" style=\"border-width:0px;border-style:solid;border-color:#000000;border-radius:0px\">\n<p style=\"font-size:22px\" class=\"has-text-color has-text-align-center has-white-color mc-banniere\">C&rsquo;est au d\u00e9but des ann\u00e9es 1900 que GAMA d\u00e9cide de se sp\u00e9cialiser en <a href=\"http:\/\/gamassur.com\/index.php\/activite\/#faculte\">Facult\u00e9 <\/a>et <a href=\"http:\/\/gamassur.com\/index.php\/activite\/#corps\">Corps<\/a>. <\/p>\n<\/div>\n<\/div><\/div>\n\n\n\n<div style=\"height:56px\" aria-hidden=\"true\" class=\"wp-block-spacer\"><\/div>\n\n\n\n<p>Depuis 2015, Fran\u00e7ois de Campou assure la direction de GAMA. Ses 30 ans d&rsquo;exp\u00e9rience au sein de l&rsquo;entreprise lui donne une vision compl\u00e8te et pr\u00e9cise du march\u00e9.<\/p>\n\n\n\n<div style=\"height:150px\" aria-hidden=\"true\" class=\"wp-block-spacer\"><\/div>\n\n\n\n<p><\/p>\n","protected":false},"excerpt":{"rendered":"<p>Faites confiance \u00e0 180 ans d&rsquo;expertise En 1968, les Bureaux d\u2019assurances maritimes de Campou (fond\u00e9 en 1841) et Charlet (fond\u00e9 en 1884) s\u2019associent pour former le bureau de gestion d\u2019assurances GAMA. Ce regroupement s\u2019est fait sous la direction de Christian de Campou et Paul Charlet, qui seront succ\u00e9d\u00e9s par leur [&hellip;]<\/p>\n","protected":false},"author":1,"featured_media":0,"parent":0,"menu_order":0,"comment_status":"closed","ping_status":"closed","template":"","meta":{"spay_email":""},"_links":{"self":[{"href":"https:\/\/gamassur.com\/index.php\/wp-json\/wp\/v2\/pages\/43"}],"collection":[{"href":"https:\/\/gamassur.com\/index.php\/wp-json\/wp\/v2\/pages"}],"about":[{"href":"https:\/\/gamassur.com\/index.php\/wp-json\/wp\/v2\/types\/page"}],"author":[{"embeddable":true,"href":"https:\/\/gamassur.com\/index.php\/wp-json\/wp\/v2\/users\/1"}],"replies":[{"embeddable":true,"href":"https:\/\/gamassur.com\/index.php\/wp-json\/wp\/v2\/comments?post=43"}],"version-history":[{"count":72,"href":"https:\/\/gamassur.com\/index.php\/wp-json\/wp\/v2\/pages\/43\/revisions"}],"predecessor-version":[{"id":700,"href":"https:\/\/gamassur.com\/index.php\/wp-json\/wp\/v2\/pages\/43\/revisions\/700"}],"wp:attachment":[{"href":"https:\/\/gamassur.com\/index.php\/wp-json\/wp\/v2\/media?parent=43"}],"curies":[{"name":"wp","href":"https:\/\/api.w.org\/{rel}","templated":true}]}}