{"id":563,"date":"2020-01-29T15:47:28","date_gmt":"2020-01-29T14:47:28","guid":{"rendered":"http:\/\/dev.gamassur.com\/?page_id=563"},"modified":"2022-03-25T15:55:31","modified_gmt":"2022-03-25T14:55:31","slug":"mentions-legales","status":"publish","type":"page","link":"https:\/\/gamassur.com\/index.php\/mentions-legales\/","title":{"rendered":"Mentions l\u00e9gales"},"content":{"rendered":"\n<p><strong>Directeurs de la publication<\/strong> : Fran\u00e7ois de CAMPOU <br><strong>Editeur<\/strong> : SAS R. de CAMPOU &amp; Fils, RCS Marseille 69 C 4, si\u00e8ge 66 rue Grignan, 13001 Marseille<\/p>\n\n\n\n<p><strong>Informations sur GAMA en France<\/strong><br>L\u2019entreprise est r\u00e9gie par le Code des Assurances. <br>SAS R. de CAMPOU &amp; Fils au capital social de  7&nbsp;622,45 \u20ac <br>RCS Marseille 69 C 4<br>Si\u00e8ge social : 66 rue Grignan, 13001 Marseille <\/p>\n\n\n\n<p><strong>H\u00e9bergement <\/strong>:<br>Le site est h\u00e9berg\u00e9 par A6TELECOM, SAS au capital social de 100 000\u20ac.<br> &nbsp;<br> <strong>Information sur les produits et services<\/strong><br>L&rsquo;information communiqu\u00e9e sur ce site est pr\u00e9sent\u00e9e \u00e0 titre indicatif et g\u00e9n\u00e9ral. Elle ne pr\u00e9tend aucunement \u00e0 l&rsquo;exhaustivit\u00e9. Malgr\u00e9 les mises \u00e0 jour du contenu du site, GAMA ne peut \u00eatre tenu pour responsable de la modification des dispositions administratives et juridiques survenant apr\u00e8s la publication. Les produits et services propos\u00e9s sur le site sont destin\u00e9s aux r\u00e9sidents fran\u00e7ais. GAMA se r\u00e9serve le droit de modifier le contenu des offres commerciales.  <\/p>\n\n\n\n<p><strong>Cookies<\/strong><br> Les cookies, utilis\u00e9s pour collecter des informations dans votre ordinateur, permettent d&rsquo;optimiser la connexion et de personnaliser l&rsquo;utilisation du site. Le fait de refuser les cookies peut vous emp\u00eacher d&rsquo;acc\u00e9der \u00e0 certaines fonctionnalit\u00e9s du site. Toutefois, vous pouvez configurer les pr\u00e9f\u00e9rences de votre logiciel de navigation pour refuser les cookies.<br> Nous nous r\u00e9servons le droit d&rsquo;utiliser les informations collect\u00e9es gr\u00e2ce aux cookies pour permettre \u00e0 la SAS R. de CAMPOU &amp; Fils de vous proposer ses produits et services. Conform\u00e9ment \u00e0 la loi du 6 janvier 1978 relative \u00e0 l&rsquo;informatique, aux fichiers et aux libert\u00e9s, vous pouvez vous y opposer en nous \u00e9crivant \u00e0 l&rsquo;adresse suivante\u00a0: GAMA, 66 rue Grignan, 13001 Marseille. <\/p>\n\n\n\n<p><strong>Questionnaires<\/strong><br>\nCertains questionnaires propos\u00e9s sur le site ne rev\u00eatent pas de caract\u00e8re\nobligatoire. Vous pouvez donc choisir de ne pas les remplir.<br>\nD&rsquo;autres questionnaires doivent \u00eatre obligatoirement remplis pour nous\npermettre de r\u00e9pondre \u00e0 votre demande ou pour des actes de souscription ou de\ngestion de vos contrats.<br>\n\u2022<strong> Si vous n&rsquo;\u00eates pas client de GAMA<\/strong>, cette Soci\u00e9t\u00e9 se r\u00e9serve le droit\nd&rsquo;utiliser vos donn\u00e9es \u00e0 caract\u00e8re personnel \u00e0 des fins de prospection\ncommerciale. Vous pouvez vous y opposer en nous \u00e9crivant \u00e0 l&rsquo;adresse suivante&nbsp;:\nGAMA, 66 rue Grignan, 13001 Marseille. <\/p>\n\n\n\n<p>\u2022 <strong>Si vous \u00eates client de GAMA,<\/strong>\nles informations qui vous sont demand\u00e9es sont n\u00e9cessaires \u00e0 votre\nidentification, pour permettre l&rsquo;acc\u00e8s aux services propos\u00e9s (contact, actes de\ngestion de vos contrats).<br>\nConform\u00e9ment \u00e0 la loi du 6 janvier 1978 relative \u00e0 l&rsquo;informatique, aux fichiers\net aux libert\u00e9s, vous disposez d&rsquo;un droit d&rsquo;acc\u00e8s et de rectification que vous\npouvez exercer en vous adressant \u00e0 GAMA, 66 rue Grignan, 13001 Marseille. <\/p>\n\n\n\n<p><strong>Confidentialit\u00e9 sur les espaces\nr\u00e9serv\u00e9s<\/strong><br>\nL&rsquo;acc\u00e8s aux espaces r\u00e9serv\u00e9s est s\u00e9curis\u00e9, ce qui garantit la confidentialit\u00e9\ndes informations communiqu\u00e9es pour r\u00e9aliser certains actes en ligne. <br>\n<br>\n<strong>Messagerie<\/strong><br>\nEn utilisant votre logiciel de messagerie, vous nous communiquez votre adresse\n\u00e9lectronique. Conform\u00e9ment \u00e0 la loi du 21 juin 2004 portant sur la confiance\ndans l&rsquo;\u00e9conomie num\u00e9rique, votre consentement pr\u00e9alable sera recueilli avant de\nvous adresser nos offres de produits et services par e-mail. En outre, vous\npouvez nous demander \u00e0 tout moment de ne pas utiliser cette adresse\n\u00e9lectronique \u00e0 des fins de prospections commerciales en nous \u00e9crivant \u00e0\nl&rsquo;adresse suivante : GAMA, 66 rue Grignan, 13001 Marseille. <\/p>\n","protected":false},"excerpt":{"rendered":"<p>Directeurs de la publication : Fran\u00e7ois de CAMPOU Editeur : SAS R. de CAMPOU &amp; Fils, RCS Marseille 69 C 4, si\u00e8ge 66 rue Grignan, 13001 Marseille Informations sur GAMA en FranceL\u2019entreprise est r\u00e9gie par le Code des Assurances. SAS R. de CAMPOU &amp; Fils au capital social de 7&nbsp;622,45 [&hellip;]<\/p>\n","protected":false},"author":1,"featured_media":0,"parent":0,"menu_order":0,"comment_status":"closed","ping_status":"closed","template":"","meta":{"spay_email":""},"_links":{"self":[{"href":"https:\/\/gamassur.com\/index.php\/wp-json\/wp\/v2\/pages\/563"}],"collection":[{"href":"https:\/\/gamassur.com\/index.php\/wp-json\/wp\/v2\/pages"}],"about":[{"href":"https:\/\/gamassur.com\/index.php\/wp-json\/wp\/v2\/types\/page"}],"author":[{"embeddable":true,"href":"https:\/\/gamassur.com\/index.php\/wp-json\/wp\/v2\/users\/1"}],"replies":[{"embeddable":true,"href":"https:\/\/gamassur.com\/index.php\/wp-json\/wp\/v2\/comments?post=563"}],"version-history":[{"count":5,"href":"https:\/\/gamassur.com\/index.php\/wp-json\/wp\/v2\/pages\/563\/revisions"}],"predecessor-version":[{"id":725,"href":"https:\/\/gamassur.com\/index.php\/wp-json\/wp\/v2\/pages\/563\/revisions\/725"}],"wp:attachment":[{"href":"https:\/\/gamassur.com\/index.php\/wp-json\/wp\/v2\/media?parent=563"}],"curies":[{"name":"wp","href":"https:\/\/api.w.org\/{rel}","templated":true}]}}