{"id":712,"date":"2021-05-28T15:18:32","date_gmt":"2021-05-28T13:18:32","guid":{"rendered":"http:\/\/gamassur.com\/?page_id=712"},"modified":"2021-05-28T15:36:34","modified_gmt":"2021-05-28T13:36:34","slug":"reclamations","status":"publish","type":"page","link":"https:\/\/gamassur.com\/index.php\/reclamations\/","title":{"rendered":"R\u00e9clamations"},"content":{"rendered":"\n<div style=\"height:100px\" aria-hidden=\"true\" class=\"wp-block-spacer\"><\/div>\n\n\n\n<div class=\"wp-block-themeisle-blocks-advanced-columns has-1-columns has-desktop-equal-layout has-tablet-equal-layout has-mobile-equal-layout has-default-gap has-vertical-unset\" id=\"wp-block-themeisle-blocks-advanced-columns-ddba321f\"><div class=\"wp-block-themeisle-blocks-advanced-columns-overlay\"><\/div><div class=\"innerblocks-wrap\">\n<div class=\"wp-block-themeisle-blocks-advanced-column\" id=\"wp-block-themeisle-blocks-advanced-column-6a4ad31d\">\n<p>Gamassur se fait un devoir de garder une proximit\u00e9 et une transparence totale envers ses clients.<\/p>\n\n\n\n<p>Soucieux de l\u2019avis de ces derniers, et dans le but d\u2019\u00eatre toujours plus performants, nous avons mis en place un service d\u00e9di\u00e9 \u00e0 la satisfaction de nos clients. Ainsi, pour toute r\u00e9clamation, quelle qu\u2019en soit la nature, vous pouvez contacter ledit service \u00e0 l\u2019adresse :<\/p>\n\n\n\n<p><strong>reclamation@gamassur.com<\/strong><\/p>\n\n\n\n<p>Notre \u00e9quipe \u00e9tudie minutieusement chaque demande et vous apportera une r\u00e9ponse dans les plus brefs d\u00e9lais, ainsi qu\u2019une solution adapt\u00e9e.<\/p>\n\n\n\n<p>En cas de d\u00e9saccord persistant avec GAMASSUR, vous pourrez saisir le M\u00e9diateur de l\u2019Assurance par courrier, La M\u00e9diation de l\u2019Assurance TSA 50110 \u2013 75441 PARIS Cedex 09 ou en remplissant le formulaire pr\u00e9vu \u00e0 cet effet sur le site internet www.mediation-assurance.org (dans le respect de l\u2019application de l\u2019article L.612-2 du Code de la consommation).<\/p>\n<\/div>\n<\/div><\/div>\n\n\n\n<div style=\"height:121px\" aria-hidden=\"true\" class=\"wp-block-spacer\"><\/div>\n","protected":false},"excerpt":{"rendered":"","protected":false},"author":1,"featured_media":0,"parent":0,"menu_order":0,"comment_status":"closed","ping_status":"closed","template":"","meta":{"spay_email":""},"_links":{"self":[{"href":"https:\/\/gamassur.com\/index.php\/wp-json\/wp\/v2\/pages\/712"}],"collection":[{"href":"https:\/\/gamassur.com\/index.php\/wp-json\/wp\/v2\/pages"}],"about":[{"href":"https:\/\/gamassur.com\/index.php\/wp-json\/wp\/v2\/types\/page"}],"author":[{"embeddable":true,"href":"https:\/\/gamassur.com\/index.php\/wp-json\/wp\/v2\/users\/1"}],"replies":[{"embeddable":true,"href":"https:\/\/gamassur.com\/index.php\/wp-json\/wp\/v2\/comments?post=712"}],"version-history":[{"count":3,"href":"https:\/\/gamassur.com\/index.php\/wp-json\/wp\/v2\/pages\/712\/revisions"}],"predecessor-version":[{"id":718,"href":"https:\/\/gamassur.com\/index.php\/wp-json\/wp\/v2\/pages\/712\/revisions\/718"}],"wp:attachment":[{"href":"https:\/\/gamassur.com\/index.php\/wp-json\/wp\/v2\/media?parent=712"}],"curies":[{"name":"wp","href":"https:\/\/api.w.org\/{rel}","templated":true}]}}